{"id":155,"date":"2013-01-28T16:56:47","date_gmt":"2013-01-28T16:56:47","guid":{"rendered":"http:\/\/clinicadentalrial.com\/nueva\/?page_id=155"},"modified":"2020-06-24T15:35:56","modified_gmt":"2020-06-24T15:35:56","slug":"aviso-legal","status":"publish","type":"page","link":"https:\/\/clinicadentalrial.com\/es\/aviso-legal\/","title":{"rendered":"Aviso legal"},"content":{"rendered":"<p style=\"text-align: justify;\" align=\"justify\">El presente aviso legal regula los T\u00e9rminos y Condiciones de uso de la p\u00e1gina web <strong>www.clinicadentalrial.com<\/strong> (en lo sucesivo, \u201cel sitio web\u201d), de la que es responsable <strong> Ana Hernandez Garcia , <\/strong>con domicilio en C\/ RIAL DE SA CLAVELLA, 26 1\u00ba 08350 &#8211; Arenys de Mar, Barcelona, con NIF:\u00a038855357P<\/p>\n<p style=\"text-align: justify;\">La utilizaci\u00f3n de la p\u00e1gina web le atribuye la condici\u00f3n de usuario de la misma (en adelante, \u201cel Usuario\u201d) e implica la aceptaci\u00f3n plena y sin reservas de todas y cada una de las disposiciones incluidas en las presentes condiciones de uso y pol\u00edtica de privacidad publicadas por Clinica Dental Rial en el momento en el que el Usuario acceda a la p\u00e1gina web.<\/p>\n<p style=\"text-align: justify;\">Clinica Dental Rial se reserva el derecho de efectuar sin previo aviso las modificaciones que considere oportunas en esta p\u00e1gina web, pudiendo cambiar, suprimir o a\u00f1adir tanto los contenidos y servicios que se presten a trav\u00e9s de la misma como la forma en la que \u00e9stos aparezcan presentados o localizados en su web.<\/p>\n<p style=\"text-align: justify;\">El Usuario se compromete a utilizar el Portal, los Servicios, los Contenidos y estas Condiciones Generales de conformidad con la ley, la moral, las buenas costumbres y el orden p\u00fablico. Se obliga a usar el Portal, los Servicios y los Contenidos de forma diligente, correcta y l\u00edcita.<\/p>\n<p style=\"text-align: justify;\"><strong>CONDICIONES DE USO<\/strong><\/p>\n<p><strong><strong>1.Propiedad intelectual e industrial<\/strong><\/strong><\/p>\n<p style=\"padding-left: 30px;\"><strong>Ana Hernandez Garcia<\/strong>\u00a0es titular del nombre de dominio <strong>www.clinicadentalrial.com.<\/strong>El sitio web en su totalidad, incluyendo sin exclusi\u00f3n alguna su dise\u00f1o, estructura y distribuci\u00f3n, textos y contenidos, logotipos, botones, im\u00e1genes, dibujos, c\u00f3digo fuente, as\u00ed como todos los derechos de propiedad intelectual e industrial y cualquier otro signo distintivo, pertenecen o tienen como cesionaria a Clinica Dental Rial o, en su caso, a las personas f\u00edsicas o jur\u00eddicas que figuran como autores o titulares de los derechos, o de sus licenciantes.El usuario se compromete a respetar estos derechos. Podr\u00e1 visualizar los elementos del sitio web e incluso imprimirlos, copiarlos y almacenarlos en el disco duro de su ordenador o en cualquier otro soporte f\u00edsico siempre y cuando sea, \u00fanica y exclusivamente, para su uso personal y privado, quedando por tanto terminantemente prohibida la transformaci\u00f3n, distribuci\u00f3n, comunicaci\u00f3n p\u00fablica, puesta a disposici\u00f3n o cualquier otra forma de explotaci\u00f3n, as\u00ed como su modificaci\u00f3n, alteraci\u00f3n o descompilaci\u00f3n.Respecto de los contenidos que se incluyen en la secci\u00f3n de blog de la web se reconoce el derecho de cita, por lo que podr\u00e1n ser reproducidos y utilizados con los fines que se consideren oportunos incluyendo siempre la fuente y el nombre del autor. Los derechos de explotaci\u00f3n sobre los mencionados contenidos corresponden en exclusiva a Clinica Dental Rial, por lo que no podr\u00e1 utilizarlos en ning\u00fan caso con \u00e1nimo de lucro sin consentimiento del autor.Clinica Dental Rial no asumir\u00e1 responsabilidad alguna respecto de los derechos de propiedad intelectual o industrial titularidad de terceros que se vean infringidos por un usuario.<\/p>\n<p><strong><strong>2.Enlaces<\/strong><\/strong><\/p>\n<p style=\"padding-left: 30px;\">El sitio webpuede poner a disposici\u00f3n de los usuarios dispositivos t\u00e9cnicos de enlace (links, banners o botones), que permiten a los usuarios acceder a sitios web pertenecientes o gestionados por terceros. Por consiguiente, Clinica Dental Rial no ser\u00e1 responsable respecto a la informaci\u00f3n que se halle fuera de esta web y que no est\u00e9 gestionada por su webmaster.El Usuario debe tener en cuenta que Clinica Dental Rial no es responsable de las pr\u00e1cticas de privacidad de esas otras webs. Recomendamos a los usuarios que sean conscientes de que al utilizar uno de estos links est\u00e1n abandonando nuestra web y que lean las pol\u00edticas de privacidad de esas otras webs, en especial si se recaban en ellas datos personales.<\/p>\n<p><strong><strong>3. Exenci\u00f3n de responsabilidad por el funcionamiento del sitio web<\/strong><\/strong><\/p>\n<p style=\"padding-left: 30px;\">Clinica Dental Rial no garantiza que el sitio web vaya a funcionar constante, fiable y correctamente, sin retrasos o interrupciones, por lo que no se hace responsable de los da\u00f1os y perjuicios que puedan derivarse de los posibles fallos en disponibilidad y continuidad t\u00e9cnica del sitio web.Clinica Dental Rial no se responsabiliza por cualquier da\u00f1o o perjuicio o beneficio dejado de obtener por el usuario o cualquier otro tercero que se vea perjudicado a consecuencia de cualquier circunstancia de fuerza mayor, caso fortuito, fallo o error de las l\u00edneas de comunicaci\u00f3n, o de la prestaci\u00f3n defectuosa del servicio o fallo en la red de Internet.Clinica Dental Rial no controla ni garantiza la ausencia de virus ni de otros elementos en los Contenidos que puedan producir alteraciones en el sistema inform\u00e1tico (software y hardware) o en los documentos electr\u00f3nicos y ficheros almacenados en el sistema inform\u00e1tico del Usuario.<\/p>\n","protected":false},"excerpt":{"rendered":"<p>El presente aviso legal regula los T\u00e9rminos y Condiciones de uso de la p\u00e1gina web www.clinicadentalrial.com (en lo sucesivo, \u201cel sitio web\u201d), de la que es responsable Ana Hernandez Garcia [&hellip;]<\/p>\n","protected":false},"author":3,"featured_media":0,"parent":0,"menu_order":0,"comment_status":"closed","ping_status":"closed","template":"","meta":[],"_links":{"self":[{"href":"https:\/\/clinicadentalrial.com\/es\/wp-json\/wp\/v2\/pages\/155"}],"collection":[{"href":"https:\/\/clinicadentalrial.com\/es\/wp-json\/wp\/v2\/pages"}],"about":[{"href":"https:\/\/clinicadentalrial.com\/es\/wp-json\/wp\/v2\/types\/page"}],"author":[{"embeddable":true,"href":"https:\/\/clinicadentalrial.com\/es\/wp-json\/wp\/v2\/users\/3"}],"replies":[{"embeddable":true,"href":"https:\/\/clinicadentalrial.com\/es\/wp-json\/wp\/v2\/comments?post=155"}],"version-history":[{"count":15,"href":"https:\/\/clinicadentalrial.com\/es\/wp-json\/wp\/v2\/pages\/155\/revisions"}],"predecessor-version":[{"id":990,"href":"https:\/\/clinicadentalrial.com\/es\/wp-json\/wp\/v2\/pages\/155\/revisions\/990"}],"wp:attachment":[{"href":"https:\/\/clinicadentalrial.com\/es\/wp-json\/wp\/v2\/media?parent=155"}],"curies":[{"name":"wp","href":"https:\/\/api.w.org\/{rel}","templated":true}]}}