{"id":196,"date":"2015-03-04T11:40:02","date_gmt":"2015-03-04T11:40:02","guid":{"rendered":"http:\/\/clinicadentalrial.com\/?page_id=196"},"modified":"2018-06-18T16:34:00","modified_gmt":"2018-06-18T16:34:00","slug":"politica-de-cookies","status":"publish","type":"page","link":"https:\/\/clinicadentalrial.com\/es\/politica-de-cookies\/","title":{"rendered":"Politica de Cookies"},"content":{"rendered":"<p><!--:--><!--:es--><\/p>\n<p>Este sitio utiliza cookies. Las cookies son peque\u00f1os archivos de texto que los navegadores Web almacenan informaci\u00f3n durante su visita a la P\u00e1gina Web. En las cookies, puede recoger datos tales como la direcci\u00f3n IP, la direcci\u00f3n que usted est\u00e1 visitando, el sistema operativo, el idioma de navegaci\u00f3n, as\u00ed como otras informaciones gen\u00e9ricas que pueden ser recolectados. Esta informaci\u00f3n no est\u00e1 asociada a ninguna persona en particular, porque s\u00f3lo informaci\u00f3n estad\u00edstica para analizar la visibilidad de los diferentes contenidos del sitio Web.<\/p>\n<p>Aqu\u00ed te ofrecemos informaci\u00f3n sobre lo que las cookies se utilizan en este sitio web, as\u00ed como la forma de controlar su gesti\u00f3n y c\u00f3mo eliminarlos por completo.<\/p>\n<p><span style=\"text-decoration: underline;\">Las cookies utilizadas en este sitio web <\/span><\/p>\n<p>Este sitio web utiliza \u00abcookies\u00bb de la siguiente manera:<\/p>\n<ul>\n<li>Cookie de Google ANALYTICS: Google ANALYTICS es un servicio gratuito ofrecido por Google Inc., que recoge la informaci\u00f3n sobre las p\u00e1ginas web consultadas, a qu\u00e9 hora, qu\u00e9 navegador Web, etc.. Posteriormente, esta informaci\u00f3n se env\u00eda a los servidores de Google Inc. en los Estados Unidos.<\/li>\n<li>Aplicaci\u00f3n Cookies \u00abAdd-this\u00bb: es un servicio gratuito que te permite compartir p\u00e1ginas de este sitio web a diferentes medios de comunicaci\u00f3n (correo electr\u00f3nico, redes sociales, etc.). Add-this compila informaci\u00f3n estad\u00edstica sobre la navegaci\u00f3n a ofrecer publicidad adaptada a tus h\u00e1bitos de navegaci\u00f3n en este sitio web o en cualquier otro lugar.<\/li>\n<\/ul>\n<p>\u00bfC\u00f3mo puede usted manejar cookies en su navegador?<\/p>\n<p>El usuario puede administrar las cookies instaladas en su ordenador configurando las opciones de tu navegador. A continuaci\u00f3n te mostramos c\u00f3mo se puede cambiar la configuraci\u00f3n de cookies en los navegadores principales para la versi\u00f3n para PC. Cuando utilizas otros navegadores o plataformas, consulte la documentaci\u00f3n espec\u00edfica suministrada por el desarrollador del navegador. La informaci\u00f3n que aparece aqu\u00ed es una configuraci\u00f3n para la versi\u00f3n existente en el momento de la preparaci\u00f3n de esta documentaci\u00f3n. Es posible que las instrucciones sean diferentes en las futuras versiones de los navegadores. En este caso, por favor refi\u00e9rase a la secci\u00f3n correspondiente del desarrollador.<\/p>\n<p>Las opciones pueden configurarse para ajustar los permisos asociados con las cookies en el navegador de Google Chrome:<\/p>\n<ul>\n<li>haga clic en el men\u00fa de la barra de herramientas.<\/li>\n<li>Seleccione settings.<\/li>\n<li>Haga clic en ver opciones avanzadas.<\/li>\n<li>En la secci\u00f3n de privacidad, haga clic en el bot\u00f3n configuraci\u00f3n en el contenido.<\/li>\n<li>En la secci\u00f3n \u00abcookies\u00bb puede configurar los ajustes.<\/li>\n<\/ul>\n<p>Para ajustar los permisos asociados con galletas desde el navegador Mozilla Firefox:<\/p>\n<ul>\n<li>En la parte superior de la ventana de Firefox, haga clic en el men\u00fa Herramientas.<\/li>\n<li>Seleccione Opciones. \u2022 Seleccione el panel de privacidad. \u2022 En la opci\u00f3n de Firefox que puede elegir utilizar una configuraci\u00f3n personalizada para la historia para configurar opciones.<\/li>\n<\/ul>\n<p>Para ajustar los permisos relacionados con las cookies en el navegador Internet Explorer:<\/p>\n<ul>\n<li>en la parte superior de la ventana de Internet Explorer, haga clic en el men\u00fa Herramientas.<\/li>\n<li>Vaya a la pesta\u00f1a de seguridad y utilice la opci\u00f3n para borrar el historial de navegaci\u00f3n para borrar las cookies.<\/li>\n<\/ul>\n<p>Si bloquea el uso de cookies en su navegador es posible que ciertos servicios o funcionalidades caracter\u00edsticas del la WEB, pueden no estar disponibles<\/p>\n<p><!--:--><\/p>\n","protected":false},"excerpt":{"rendered":"<p>Este sitio utiliza cookies. Las cookies son peque\u00f1os archivos de texto que los navegadores Web almacenan informaci\u00f3n durante su visita a la P\u00e1gina Web. En las cookies, puede recoger datos [&hellip;]<\/p>\n","protected":false},"author":3,"featured_media":0,"parent":0,"menu_order":0,"comment_status":"open","ping_status":"open","template":"","meta":[],"_links":{"self":[{"href":"https:\/\/clinicadentalrial.com\/es\/wp-json\/wp\/v2\/pages\/196"}],"collection":[{"href":"https:\/\/clinicadentalrial.com\/es\/wp-json\/wp\/v2\/pages"}],"about":[{"href":"https:\/\/clinicadentalrial.com\/es\/wp-json\/wp\/v2\/types\/page"}],"author":[{"embeddable":true,"href":"https:\/\/clinicadentalrial.com\/es\/wp-json\/wp\/v2\/users\/3"}],"replies":[{"embeddable":true,"href":"https:\/\/clinicadentalrial.com\/es\/wp-json\/wp\/v2\/comments?post=196"}],"version-history":[{"count":1,"href":"https:\/\/clinicadentalrial.com\/es\/wp-json\/wp\/v2\/pages\/196\/revisions"}],"predecessor-version":[{"id":809,"href":"https:\/\/clinicadentalrial.com\/es\/wp-json\/wp\/v2\/pages\/196\/revisions\/809"}],"wp:attachment":[{"href":"https:\/\/clinicadentalrial.com\/es\/wp-json\/wp\/v2\/media?parent=196"}],"curies":[{"name":"wp","href":"https:\/\/api.w.org\/{rel}","templated":true}]}}