{"id":47,"date":"2012-10-08T10:35:32","date_gmt":"2012-10-08T10:35:32","guid":{"rendered":"http:\/\/clinicadentalrial.com\/nueva\/?page_id=47"},"modified":"2018-07-27T07:50:31","modified_gmt":"2018-07-27T07:50:31","slug":"especialidades-y-tratamientos","status":"publish","type":"page","link":"https:\/\/clinicadentalrial.com\/es\/especialidades-y-tratamientos\/","title":{"rendered":"Especialidades y Tratamientos"},"content":{"rendered":"<p><div class=\"fusion-fullwidth fullwidth-box nonhundred-percent-fullwidth non-hundred-percent-height-scrolling\"  style='background-color: rgba(255,255,255,0);background-position: center center;background-repeat: no-repeat;padding-top:0px;padding-right:0px;padding-bottom:0px;padding-left:0px;'><div class=\"fusion-builder-row fusion-row \"><div  class=\"fusion-layout-column fusion_builder_column fusion_builder_column_1_2  fusion-one-half fusion-column-first 1_2\"  style='margin-top:0px;margin-bottom:0px;width:48%; margin-right: 4%;'>\n\t\t\t\t\t<div class=\"fusion-column-wrapper\" style=\"padding: 0px 0px 0px 0px;background-position:left top;background-repeat:no-repeat;-webkit-background-size:cover;-moz-background-size:cover;-o-background-size:cover;background-size:cover;\"  data-bg-url=\"\">\n\t\t\t\t\t\t<div class=\"fusion-text\"><p><strong>ODONTOLOG\u00cdA PREVENTIVA<\/strong><\/p>\n<p>Es aquella que tiene como objetivo velar por la salud bucodental antes de que aparezca la patolog\u00eda. En nuestro centro creemos que no hay mejor tratamiento que la prevenci\u00f3n e intentamos reducir al m\u00e1ximo las posibilidades de aparici\u00f3n de caries, gingivitis, periodontitis, problemas articulares, etc. Para conservar una boca sana es conveniente adquirir y mantener una serie de h\u00e1bitos saludables (dieta no cariog\u00e9nicos, buena t\u00e9cnica de cepillado &#8230;) y realizar sellados de fisuras, revisiones peri\u00f3dicas, as\u00ed cono higienes bucodentales y aplicaciones de fl\u00faor.<\/p>\n<\/div><div class=\"fusion-clearfix\"><\/div>\n\n\t\t\t\t\t<\/div>\n\t\t\t\t<\/div><div  class=\"fusion-layout-column fusion_builder_column fusion_builder_column_1_2  fusion-one-half fusion-column-last 1_2\"  style='margin-top:0px;margin-bottom:0px;width:48%'>\n\t\t\t\t\t<div class=\"fusion-column-wrapper\" style=\"padding: 0px 0px 0px 0px;background-position:left top;background-repeat:no-repeat;-webkit-background-size:cover;-moz-background-size:cover;-o-background-size:cover;background-size:cover;\"  data-bg-url=\"\">\n\t\t\t\t\t\t<div class=\"imageframe-align-center\"><span class=\"fusion-imageframe imageframe-none imageframe-1 hover-type-none\"><img loading=\"lazy\" src=\"http:\/\/clinicadentalrial.com\/wp-content\/uploads\/paciente.png\" width=\"800\" height=\"533\" alt=\"\" title=\"paciente\" class=\"img-responsive wp-image-1079\" srcset=\"https:\/\/clinicadentalrial.com\/wp-content\/uploads\/paciente-200x133.png 200w, https:\/\/clinicadentalrial.com\/wp-content\/uploads\/paciente-400x267.png 400w, https:\/\/clinicadentalrial.com\/wp-content\/uploads\/paciente-600x400.png 600w, https:\/\/clinicadentalrial.com\/wp-content\/uploads\/paciente.png 800w\" sizes=\"(max-width: 1120px) 100vw, 600px\" \/><\/span><\/div><div class=\"fusion-clearfix\"><\/div>\n\n\t\t\t\t\t<\/div>\n\t\t\t\t<\/div><\/div><\/div><div class=\"fusion-fullwidth fullwidth-box nonhundred-percent-fullwidth non-hundred-percent-height-scrolling\"  style='background-color: rgba(255,255,255,0);background-position: center center;background-repeat: no-repeat;padding-top:0px;padding-right:0px;padding-bottom:0px;padding-left:0px;'><div class=\"fusion-builder-row fusion-row \"><div  class=\"fusion-layout-column fusion_builder_column fusion_builder_column_1_1  fusion-one-full fusion-column-first fusion-column-last 1_1\"  style='margin-top:0px;margin-bottom:20px;'>\n\t\t\t\t\t<div class=\"fusion-column-wrapper\" style=\"padding: 0px 0px 0px 0px;background-position:left top;background-repeat:no-repeat;-webkit-background-size:cover;-moz-background-size:cover;-o-background-size:cover;background-size:cover;\"  data-bg-url=\"\">\n\t\t\t\t\t\t<div class=\"fusion-text\"><p><strong>ODONTOLOG\u00cdA CONSERVADORA<\/strong><\/p>\n<p>Es la rama de la Odontolog\u00eda que se encarga de reconstruir los dientes cuando est\u00e1n da\u00f1adas, ya que es muy importante conservarlas el m\u00e1ximo tiempo posible para mantener una buena funcionalidad y est\u00e9tica. Para ello realizamos obturaciones, reconstrucciones, endodoncias, etc. El material m\u00e1s utilizado para reconstruir nuestros dientes es el composite (resina blanca).<\/p>\n<p><strong>ENDODONCIA<\/strong><\/p>\n<p>Cuando una caries llega al nervio dental se desencadena un proceso irreversible de inflamaci\u00f3n pulpar (pulpitis) o de necrosis pulpar, que puede derivar en la aparici\u00f3n de granulomas, f\u00edstulas, quistes o abscesos. Para poder salvar los dientes afectados es necesario realizar una endodoncia (tratamiento de conductos) que consiste en limpiar y desinfectar todos los conductos del interior del diente y sellar su posterior. En nuestro centro utilizamos las t\u00e9cnicas m\u00e1s avanzadas para garantizar el mejor pron\u00f3stico: localizador de \u00e1pice, motor programable, sistemas de sellado termopl\u00e1stico, etc.<\/p>\n<p><strong>ODONTOPEDIATR\u00cdA<\/strong><\/p>\n<p>Es la rama de la Odontolog\u00eda que trata los problemas bucodentales de ni\u00f1os y ni\u00f1as. Sabemos que es importante no s\u00f3lo el tratamiento, sino tambi\u00e9n la atenci\u00f3n que se le ofrece al paciente infantil, para que tenga una buena experiencia y no tenga miedo.<\/p>\n<p>En nuestro centro realizamos todo tipo de tratamiento a los m\u00e1s peque\u00f1os, desde una odontolog\u00eda preventiva y conservadora a tratamientos de ortodoncia para evitar maloclusiones.<\/p>\n<p><strong>ORTODONCIA<\/strong><\/p>\n<p>Es la parte de la Odontolog\u00eda que estudia y corrige las malposiciones dentales y alteraciones \u00f3seas de maxilar y mand\u00edbula. Utilizamos aparatolog\u00eda fija, removible y est\u00e9tica, seg\u00fan cada caso y tratamos tanto a adultos como a ni\u00f1os. Aconsejamos revisiones a los m\u00e1s peque\u00f1os de la casa para poder realizar un diagn\u00f3stico precoz de maloclusiones, porque cuando antes se detecta m\u00e1s f\u00e1cil es su tratamiento.<\/p>\n<p><strong>CIRUG\u00cdA BUCAL<\/strong><\/p>\n<p>Es la especialidad que trata el diagn\u00f3stico y tratamiento quir\u00fargico de enfermedades, traumatismos y defectos de maxilares y regiones adyacentes. Dentro de esta rama se realizan extracciones dentales complejas y de lesiones de la cavidad bucal como quistes, entre otros.<\/p>\n<p><strong>IMPLATOLOGIA<\/strong><\/p>\n<p>Sustituci\u00f3n de dientes y muelas perdidos por implantes osteointegrados de titanio, para recuperar la funcionalidad y la est\u00e9tica. Se puede sustituir desde un \u00fanico diente a todas las de la boca, siempre en un ambiente est\u00e9ril y utilizando aparatolog\u00eda de gran precisi\u00f3n. Posteriormente, sobre las estructuras de titanio, se colocan las piezas que faltan mediante pr\u00f3tesis est\u00e9ticas.<\/p>\n<\/div><div class=\"fusion-clearfix\"><\/div>\n\n\t\t\t\t\t<\/div>\n\t\t\t\t<\/div><\/div><\/div><div class=\"fusion-fullwidth fullwidth-box nonhundred-percent-fullwidth non-hundred-percent-height-scrolling\"  style='background-color: rgba(255,255,255,0);background-position: center center;background-repeat: no-repeat;padding-top:0px;padding-right:0px;padding-bottom:0px;padding-left:0px;'><div class=\"fusion-builder-row fusion-row \"><div  class=\"fusion-layout-column fusion_builder_column fusion_builder_column_1_2  fusion-one-half fusion-column-first 1_2\"  style='margin-top:0px;margin-bottom:20px;width:48%; margin-right: 4%;'>\n\t\t\t\t\t<div class=\"fusion-column-wrapper\" style=\"padding: 0px 0px 0px 0px;background-position:left top;background-repeat:no-repeat;-webkit-background-size:cover;-moz-background-size:cover;-o-background-size:cover;background-size:cover;\"  data-bg-url=\"\">\n\t\t\t\t\t\t<div class=\"fusion-text\"><p><strong>PR\u00d3TESIS<\/strong><\/p>\n<p>Es la parte de la Odontolog\u00eda que restaura la falta de dientes mediante un elemento artificial para as\u00ed restaurar la anatom\u00eda de una o varias dientes, restaurando tambi\u00e9n la relaci\u00f3n entre maxilares y la dimensi\u00f3n vertical. Hay diferentes tipos de pr\u00f3tesis: Dentosoportadas o pr\u00f3tesis fijas (fundas, puentes &#8230;), mucosoportadas o removibles, dentomucosuportades y pr\u00f3tesis sobre implantes fijos o removibles.<\/p>\n<\/div><div class=\"fusion-clearfix\"><\/div>\n\n\t\t\t\t\t<\/div>\n\t\t\t\t<\/div><\/div><\/div><div class=\"fusion-fullwidth fullwidth-box nonhundred-percent-fullwidth non-hundred-percent-height-scrolling\"  style='background-color: rgba(255,255,255,0);background-position: center center;background-repeat: no-repeat;padding-top:0px;padding-right:0px;padding-bottom:0px;padding-left:0px;'><div class=\"fusion-builder-row fusion-row \"><div  class=\"fusion-layout-column fusion_builder_column fusion_builder_column_1_1  fusion-one-full fusion-column-first fusion-column-last 1_1\"  style='margin-top:0px;margin-bottom:20px;'>\n\t\t\t\t\t<div class=\"fusion-column-wrapper\" style=\"padding: 0px 0px 0px 0px;background-position:left top;background-repeat:no-repeat;-webkit-background-size:cover;-moz-background-size:cover;-o-background-size:cover;background-size:cover;\"  data-bg-url=\"\">\n\t\t\t\t\t\t<span style=\"max-width:400px;\" class=\"fusion-imageframe imageframe-none imageframe-2 hover-type-none\"><img loading=\"lazy\" src=\"http:\/\/clinicadentalrial.com\/wp-content\/uploads\/pro\u0301tesis.jpg\" width=\"1000\" height=\"667\" alt=\"\" title=\"pro\u0301tesis\" class=\"img-responsive wp-image-1055\"\/><\/span><div class=\"fusion-text\"><p><strong>PERIODONCIA<\/strong><\/p>\n<p>Es la especialidad de la Odontolog\u00eda que estudia la prevenci\u00f3n, diagn\u00f3stico y tratamiento de las enfermedades y condiciones que afectan los tejidos de soporte del diente (enc\u00eda, ligamento periodontal, cemento radicular y hueso alveolar) y los implantes. Las principales enfermedades periodontales son la gingivitis y la periodontitis y el tratamiento periodontal consta de fase higi\u00e9nica y quir\u00fargica seg\u00fan cada caso y de mantenimientos peri\u00f3dicos para mantener la salud periodontal.<\/p>\n<p><strong>EST\u00c9TICA DENTAL<\/strong><\/p>\n<p>La odontolog\u00eda est\u00e9tica o cosm\u00e9tica es una especialidad que trata problemas relacionados con la salud bucodental y la armon\u00eda est\u00e9tica de la boca en su totalidad: labios, percepci\u00f3n visual de la sonrisa, equilibrio, etc. El estudio de la est\u00e9tica de cada paciente comprende el uso multidisciplinar de todas las especialidades y tratamientos odontol\u00f3gicos (ortodoncia, implantolog\u00eda, pr\u00f3tesis, carillas, blanqueamiento, etc &#8230;). Dentro de los tratamientos que podemos realizar se encuentran las carillas y fundas cer\u00e1micas, los blanqueamientos dentales, la correcci\u00f3n de malposiciones dentarias, tratamiento de caries radiculares, cambio de amalgamas por composites, etc.<\/p>\n<p>Nuestra formaci\u00f3n continuada y experiencia, junto con los materiales de \u00faltima generaci\u00f3n, nos ayuda a conseguir el mejor de tus sonrisas.<\/p>\n<\/div><div class=\"fusion-text\"><p><strong>MEDICINA EST\u00c9TICA FACIAL: RELLENOS FACIALES\u00a0<\/strong><\/p>\n<p><strong>Rellenos faciales con \u00e1cido hialur\u00f3nico: \u00bfEn qu\u00e9 consiste?<\/strong><br \/>\nLos rellenos faciales permiten devolver el volumen original en el rostro y eliminar la flacidez sin necesidad de cirug\u00eda y con un diagn\u00f3stico personalitzat.Els materiales de relleno (\u00e1cido hialur\u00f3nico, Radiesse, etc.) tienen una duraci\u00f3n variable y son biocompatibles y reabsorbibles. Adem\u00e1s, ofrecen resultados naturales con una sencilla aplicaci\u00f3n y utilizando anestesia local.<\/p>\n<p><strong>Beneficios del tratamiento:<\/strong><\/p>\n<p>Eliminar o atenuar las arrugas (patas de gallo, gafas, c\u00f3digo de barras &#8230;)<br \/>\nMarcas y cicatrices<br \/>\nRedondear los p\u00f3mulos o el ment\u00f3n<br \/>\nAumentar el volumen de los labios<br \/>\nTratar la lipodistrofia ocasionada por diversas patolog\u00edas<\/p>\n<p>Eliminar \u00absurcos nasogenianos\u00bb o \u00abpliegues nasolabiales\u00bb en las arrugas que se producen desde el final de la nariz y que descienden oblicuamente hasta los dos extremos de la boca.<\/p>\n<\/div><div class=\"fusion-clearfix\"><\/div>\n\n\t\t\t\t\t<\/div>\n\t\t\t\t<\/div><div  class=\"fusion-layout-column fusion_builder_column fusion_builder_column_1_2  fusion-one-half fusion-column-first 1_2\"  style='margin-top:0px;margin-bottom:20px;width:50%;width:calc(50% - ( ( 4% ) * 0.5 ) );margin-right: 4%;'>\n\t\t\t\t\t<div class=\"fusion-column-wrapper\" style=\"padding: 0px 0px 0px 0px;background-position:left top;background-repeat:no-repeat;-webkit-background-size:cover;-moz-background-size:cover;-o-background-size:cover;background-size:cover;\"  data-bg-url=\"\">\n\t\t\t\t\t\t<span style=\"max-width:400px;\" class=\"fusion-imageframe imageframe-none imageframe-3 hover-type-none\"><img loading=\"lazy\" src=\"http:\/\/clinicadentalrial.com\/wp-content\/uploads\/reompliment.jpg\" width=\"732\" height=\"384\" alt=\"\" title=\"reompliment\" class=\"img-responsive wp-image-1110\" srcset=\"https:\/\/clinicadentalrial.com\/wp-content\/uploads\/reompliment-200x105.jpg 200w, https:\/\/clinicadentalrial.com\/wp-content\/uploads\/reompliment-400x210.jpg 400w, https:\/\/clinicadentalrial.com\/wp-content\/uploads\/reompliment-600x315.jpg 600w, https:\/\/clinicadentalrial.com\/wp-content\/uploads\/reompliment.jpg 732w\" sizes=\"(max-width: 1120px) 100vw, 600px\" \/><\/span><div class=\"fusion-clearfix\"><\/div>\n\n\t\t\t\t\t<\/div>\n\t\t\t\t<\/div><\/div><\/div><\/p>\n","protected":false},"excerpt":{"rendered":"","protected":false},"author":3,"featured_media":0,"parent":0,"menu_order":0,"comment_status":"closed","ping_status":"closed","template":"","meta":[],"_links":{"self":[{"href":"https:\/\/clinicadentalrial.com\/es\/wp-json\/wp\/v2\/pages\/47"}],"collection":[{"href":"https:\/\/clinicadentalrial.com\/es\/wp-json\/wp\/v2\/pages"}],"about":[{"href":"https:\/\/clinicadentalrial.com\/es\/wp-json\/wp\/v2\/types\/page"}],"author":[{"embeddable":true,"href":"https:\/\/clinicadentalrial.com\/es\/wp-json\/wp\/v2\/users\/3"}],"replies":[{"embeddable":true,"href":"https:\/\/clinicadentalrial.com\/es\/wp-json\/wp\/v2\/comments?post=47"}],"version-history":[{"count":18,"href":"https:\/\/clinicadentalrial.com\/es\/wp-json\/wp\/v2\/pages\/47\/revisions"}],"predecessor-version":[{"id":909,"href":"https:\/\/clinicadentalrial.com\/es\/wp-json\/wp\/v2\/pages\/47\/revisions\/909"}],"wp:attachment":[{"href":"https:\/\/clinicadentalrial.com\/es\/wp-json\/wp\/v2\/media?parent=47"}],"curies":[{"name":"wp","href":"https:\/\/api.w.org\/{rel}","templated":true}]}}